{"id":72,"date":"2020-05-22T23:11:36","date_gmt":"2020-05-22T21:11:36","guid":{"rendered":"http:\/\/sv-merchingen.de\/?page_id=72"},"modified":"2020-05-22T23:11:36","modified_gmt":"2020-05-22T21:11:36","slug":"historie","status":"publish","type":"page","link":"https:\/\/sv-merchingen.de\/?page_id=72","title":{"rendered":"hisTORie"},"content":{"rendered":"\n<p>Die Geschichte des SVM<br>Im Jahre 1922 gr\u00fcndeten junge M\u00e4nner aus Merchingen einen Radfahrverein und gaben ihm den Namen &#8222;\u00dcber Berg und Tal&#8220;. In diesem Verein wurde der k\u00f6rperliche Ausgleich f\u00fcr die allt\u00e4gliche Feldarbeit gefunden.<br>Zur gleichen Zeit fand sich eine Gruppe Jugendlicher zusammen, die den Leichtathletiksport in Merchingen betrieb. Da zu diesem Zeitpunkt noch kein Sportplatz zur Verf\u00fcgung stand, wurde auf Wiesen oder brachliegenden \u00c4ckern auf den H\u00f6hen des Gipsberges und des Saarlouiser Weges trainiert.<br>Am 28.06.1927 traf sich fast die gesamte Dorfjugend und gr\u00fcndete eine freiwillige Sportgemeinschaft, die Pastor Johann Friedrich Speicher zu ihrem Vorsitzenden w\u00e4hlte. \u00dcbungsleiter und Leiter der Sportabteilung wurde Lehrer Karl Thinnes, der zum Zustandekommen dieser Sportgemeinschaft wesentlich beigetragen hatte.<\/p>\n\n\n\n<div class=\"wp-block-image\"><figure class=\"aligncenter size-full is-resized\"><img loading=\"lazy\" decoding=\"async\" src=\"http:\/\/sv-merchingen.de\/wp-content\/uploads\/2020\/05\/RTEmagicC_1.jpg.jpg\" alt=\"\" class=\"wp-image-73\" width=\"488\" height=\"343\" srcset=\"https:\/\/sv-merchingen.de\/wp-content\/uploads\/2020\/05\/RTEmagicC_1.jpg.jpg 400w, https:\/\/sv-merchingen.de\/wp-content\/uploads\/2020\/05\/RTEmagicC_1.jpg-300x211.jpg 300w, https:\/\/sv-merchingen.de\/wp-content\/uploads\/2020\/05\/RTEmagicC_1.jpg-120x85.jpg 120w\" sizes=\"auto, (max-width: 488px) 100vw, 488px\" \/><\/figure><\/div>\n\n\n\n<p>Der Verein trug bis zum 04.10.1927 den Namen &#8222;Katholischer Jugendverein&#8220;. Als die meisten Leichtathleten auch ihr fu\u00dfballerisches Talent entdeckt hatten, nannte sich der Verein schlie\u00dflich &#8222;Sportverein Merchingen&#8220;.<br>Die ersten Erfolge blieben aber den Leichtathleten vorbehalten. Diese errangen am 17.08.1930 beim Bezirkssportfest der DJK Bachem mit der 4x 100m Staffel den 2.Platz.<br>Bevor man 1930 mit 2 Mannschaften an der Pflichtspielrunde startete, absolvierten die jungen Fu\u00dfballer zahlreiche Freundschaftsspiele. Nach 2 Spielzeiten und, obwohl die 1. Mannschaft einen hervorragenden 2. Platz belegte, kam es zu Reibereien zwischen Lehrer Karl Thinnes, dem 1. Vorsitzenden der Fu\u00dfballabteilung und dem Spielf\u00fchrer Hans Rohr. Durch diese Querelen trat Lehrer Thinnes 1931 von seinem Amt zur\u00fcck und zu seinem Nachfolger wurde Edmund Seiwert gew\u00e4hlt. Aber auch dieser Wechsel brachte nicht die erwartete Ruhe in den Verein. Es wurde sogar von Aufl\u00f6sung gesprochen, die jedoch abgewendet werden konnte.<\/p>\n\n\n\n<div class=\"wp-block-image\"><figure class=\"aligncenter size-full is-resized\"><img loading=\"lazy\" decoding=\"async\" src=\"http:\/\/sv-merchingen.de\/wp-content\/uploads\/2020\/05\/RTEmagicC_8.jpg.jpg\" alt=\"\" class=\"wp-image-74\" width=\"638\" height=\"365\" srcset=\"https:\/\/sv-merchingen.de\/wp-content\/uploads\/2020\/05\/RTEmagicC_8.jpg.jpg 400w, https:\/\/sv-merchingen.de\/wp-content\/uploads\/2020\/05\/RTEmagicC_8.jpg-300x172.jpg 300w\" sizes=\"auto, (max-width: 638px) 100vw, 638px\" \/><\/figure><\/div>\n\n\n\n<p>Im Jahre 1933 machten sich dann acuh im Saarland die ver\u00e4nderten politischen Verh\u00e4ltnisse bemerkbar und nach der R\u00fcckgliederung ins Reich im Jahre 1935 wurde die noch bestehende DJK (Deutsche Jugendkraft) als religi\u00f6s ausgerichteter Verband verboten. Dier Merziger Volkszeitung berichtete 1936 \u00fcber die in &#8222;Sportfreunde Merchingen&#8220; umbenannte DJK und am 14.07.1936 fand die Gr\u00fcndungsversammlung im Gasthaus Breit statt. Einen Monat sp\u00e4ter, am 23.08.1936 konnte dann der Sportplatz seiner Bestimmung \u00fcbergeben werden. Bis zum Beginn des 2. Weltkrieges wurde dort von 2 aktiven Mannschaften Fu\u00dfball gespielt.<\/p>\n\n\n\n<div class=\"wp-block-image\"><figure class=\"aligncenter size-full is-resized\"><img loading=\"lazy\" decoding=\"async\" src=\"http:\/\/sv-merchingen.de\/wp-content\/uploads\/2020\/05\/RTEmagicC_7.jpg.jpg\" alt=\"\" class=\"wp-image-75\" width=\"390\" height=\"591\" srcset=\"https:\/\/sv-merchingen.de\/wp-content\/uploads\/2020\/05\/RTEmagicC_7.jpg.jpg 264w, https:\/\/sv-merchingen.de\/wp-content\/uploads\/2020\/05\/RTEmagicC_7.jpg-198x300.jpg 198w\" sizes=\"auto, (max-width: 390px) 100vw, 390px\" \/><\/figure><\/div>\n\n\n\n<p>Von der franz\u00f6sischen Milit\u00e4rregierung wurde am 09.08.1947 die vorl\u00e4ufige Spielgenehmigung erteilt. Neben dem Fu\u00dfballspiel wurde auch wieder der Leichtathletiksport betrieben. Letzter H\u00f6hepunkt dieser Sportart in Merchingen war ein Staffellauf durchs Dorf, bei dem sich einige Starter \u00fcbernahmen und den R\u00fcckweg mit dem Traktor antreten mussten. Die Sparte Leichtathletik verlor in der Folgezeit immer mehr an Bedeutung und wurde schlie\u00dflich aufgel\u00f6st.<br>1949 wurde Willi Hargarter neuer Vorsitzender und es nahmen wieder 2 Mannschaften an den Pflichtspielrunden teil. Im Jahre 1950 erlebte der Verein erneut eine Krise, die den R\u00fcckzug der 1. Mannschaft aus der Pflichtspielrunde nach sich zog. Da keine zuverl\u00e4ssige Mannschaft aufgestellt werden konnte, werude in der Folgezeit der Spielbetrieb durch Freundschaftsspiele aufrechterhalten.<br>Auch die Umbenennung in &#8222;Sportverein 1928 Merchingen&#8220; und ein 1952 neu geschaffenes Vereinsemblem konnten keinen Aufschwung bewirken. Freundschaftsspiele und die allj\u00e4hrlichen Sportfeste lie\u00dfen den Verein \u00fcberleben.<\/p>\n\n\n\n<div class=\"wp-block-image\"><figure class=\"aligncenter size-full is-resized\"><img loading=\"lazy\" decoding=\"async\" src=\"http:\/\/sv-merchingen.de\/wp-content\/uploads\/2020\/05\/RTEmagicC_5.jpg.jpg\" alt=\"\" class=\"wp-image-76\" width=\"508\" height=\"351\" srcset=\"https:\/\/sv-merchingen.de\/wp-content\/uploads\/2020\/05\/RTEmagicC_5.jpg.jpg 400w, https:\/\/sv-merchingen.de\/wp-content\/uploads\/2020\/05\/RTEmagicC_5.jpg-300x207.jpg 300w\" sizes=\"auto, (max-width: 508px) 100vw, 508px\" \/><\/figure><\/div>\n\n\n\n<p>Erst 1955, mit der Wahl von Kurt Stein zum 1. Vorsitzenden, lebte der Verein weider auf und es konnten 48 neue Mitglieder hinzugewonnen werden. In diesem Jahr wurden auch weider eine spielf\u00e4hige 1. Mannschaft mit 15 Spielern sowei eine Jugendmannschaft mit 18 Spielern gemeldet.<br>Im darauf folgenden Jahr wurde eine Tischtennisabteilung gegr\u00fcndet, die an den Verbandspflichtspielen teilnahm. Spartenleiter war Anton Thiel. In dem gleichen Jahr konnte der SV Merchingen sogar eine 3. Fussballmannschaft melden und der sportliche Aufschwung fand im Jahre 1958 seinen H\u00f6hepunkt, als erstmalig die 1. Mannschaft Meister der damaligen C-Klasse wurde. Diese Meisterschaft und das 30-j\u00e4hrige Vereins-Junil\u00e4um wurden w\u00e4hrend eines gro\u00dfen Pokalturniers geb\u00fchrend gefeiert.<br>Wurde die Meisterschaft unter anderem durch einen gesunden Mannschaftsgeist und intensives Trainig errungen, so musste im folgenden Spieljahr aufgrund zahlreicher Verletzungen wichtiger Leistungstr\u00e4ger der Abstieg in die C-Klasse wieder hingenommen werden. Auch die Vereinsf\u00fchrung wechselte und Hans Krier wurde zum 1. Vorsitzenden gew\u00e4hlt. Die 1. Mannschaft spielte in den folgenden Jahren ohne gr\u00f6\u00dfere sportliche Erfolge in der C-Klasse. Ein Grund hierf\u00fcr war der fehlende Nachwuchs an Jugendspielern. Auch die Tischtennisabteilung konnte keinen Zuwachs verzeichnen, so dass sie aufgel\u00f6st werden musste.<\/p>\n\n\n\n<div class=\"wp-block-image\"><figure class=\"aligncenter size-full is-resized\"><img loading=\"lazy\" decoding=\"async\" src=\"http:\/\/sv-merchingen.de\/wp-content\/uploads\/2020\/05\/RTEmagicC_2_01.jpg.jpg\" alt=\"\" class=\"wp-image-77\" width=\"743\" height=\"359\" srcset=\"https:\/\/sv-merchingen.de\/wp-content\/uploads\/2020\/05\/RTEmagicC_2_01.jpg.jpg 516w, https:\/\/sv-merchingen.de\/wp-content\/uploads\/2020\/05\/RTEmagicC_2_01.jpg-300x145.jpg 300w\" sizes=\"auto, (max-width: 743px) 100vw, 743px\" \/><\/figure><\/div>\n\n\n\n<p>Bei den Vorstandsneuwahlen im Jahr 1967 wurde Hans Krier erneut in seinem Amt best\u00e4tigt und seitens des SV Merchingen wurde ihm f\u00fcr seine \u00fcber 8-j\u00e4hrige erfolgreiche Vereinsf\u00fchrung gedankt. Ebenfalls im Jahr 1967 wurde erstmalig ein Familienabend veranstaltet, der wie das Sportfest anl\u00e4sslich des 40-j\u00e4hrigen Vereinsbestehens 1968, ein voller Erfolg wurde.<br>Am 26.01.1969 wurde Alois Austgen von der Generalversammlung zum 1. Vorsitzenden gew\u00e4hlt, ein Amt, das er bis zum Jahre 1987 innehatte. Unter seiner F\u00fchrung und durch die verst\u00e4rkte Jugendarbeit erlebte der SV Merchingen wieder erfolgreiche Zeiten. So war es dem Jugendleiter Alfred Bastian gelungen, 4 Jugendmannschaften aufzubauen und diese in den n\u00e4chsten Jahren an die aktiven Mannschaften heranzuf\u00fchren.<br>Die 1. Mannschaft belegte in der Spielzeit 73\/74 den 2.Platz und erreichte mit dieser Platzierung ein Entscheidungsspiel um den Aufstieg in die B-Klasse. Gegner war in diesem Spiel die Mannschaft aus Limbach, die in Oppen mit 4-1 besiegt werden konnte. Am 16.04.1974 fand die Einweihung der neuen Umkleidehalle, die nach 15-monatiger Bauzeit und einer Eigenleistung von \u00fcber 7.000 Stunden gebaut wurde, in feierlichem Rahmen statt.<\/p>\n\n\n\n<div class=\"wp-block-image\"><figure class=\"aligncenter size-full is-resized\"><img loading=\"lazy\" decoding=\"async\" src=\"http:\/\/sv-merchingen.de\/wp-content\/uploads\/2020\/05\/RTEmagicC_3.jpg.jpg\" alt=\"\" class=\"wp-image-78\" width=\"796\" height=\"384\" srcset=\"https:\/\/sv-merchingen.de\/wp-content\/uploads\/2020\/05\/RTEmagicC_3.jpg.jpg 523w, https:\/\/sv-merchingen.de\/wp-content\/uploads\/2020\/05\/RTEmagicC_3.jpg-300x145.jpg 300w\" sizes=\"auto, (max-width: 796px) 100vw, 796px\" \/><\/figure><\/div>\n\n\n\n<p>Da es immer ein Bestreben war und auch heute noch ist, den Damen unseres Vereins sportliche Aktivit\u00e4ten zu erm\u00f6glichen wurde 1975 eine Gymnastikabteilung gegr\u00fcndet. Die \u00dcbungsstunden finden heutzutage in der Turnhalle des Peter-Wust-Gymnasiums statt. Aufgrund der bereits zuvor erw\u00e4hnten guten Jugendarbeit und ihres Talents schafften zwei unserer Jugendspieler den Sprung in die saarl\u00e4ndische Auswahlmannschaften. Michael Austgen kam sogar zu 7 Eins\u00e4tzen in der DFB-Sch\u00fclernationalmannschaft. Sein Bruder Reinhard Austgen wechselte 1977 in die A-Jugend des Bundesligisten FC Schalke 04 und stand mit seiner Mannschaft im Halbfinale um die Deutsche Meisterschaft.<br>In der Spielzeit 1977\/78 wurde unsere A-Jugend Meister in der Gruppe Losheim und unser Jugendleiter Alfred Bastian wurde mit der Jugendleiterehrennadel des Saarl\u00e4ndischen Fu\u00dfballverbandes ausgezeichnet.<\/p>\n\n\n\n<div class=\"wp-block-image\"><figure class=\"aligncenter size-full is-resized\"><img loading=\"lazy\" decoding=\"async\" src=\"http:\/\/sv-merchingen.de\/wp-content\/uploads\/2020\/05\/RTEmagicC_4.jpg.jpg\" alt=\"\" class=\"wp-image-79\" width=\"931\" height=\"533\" srcset=\"https:\/\/sv-merchingen.de\/wp-content\/uploads\/2020\/05\/RTEmagicC_4.jpg.jpg 400w, https:\/\/sv-merchingen.de\/wp-content\/uploads\/2020\/05\/RTEmagicC_4.jpg-300x172.jpg 300w\" sizes=\"auto, (max-width: 931px) 100vw, 931px\" \/><\/figure><\/div>\n\n\n\n<p>1978 &#8211; der SV Merchingen war inzwischen zum mitgliederst\u00e4rksten Verein in Merchingen aufgestiegen &#8211; wurde das 50-j\u00e4hrige Jubil\u00e4um gefeiert. Ein Sportplatzumbau in den Jahren 1980\/81 und der damit verbundene Umzug auf den Sportplatz in Hilbringen sowie gro\u00dfes Verletzungspech trugen zum sportlichen Abstieg aus der B-Klasse Hochwald im Jahre 1981 wesentlich bei.<br>Durch den Bau des Vereinshauses konnten wir unser sportliches Angebot erweitern und im Januar 1981 wurde erstmalig das Turnier &#8222;Ein Dorf spielt Tischtennis&#8220; durchgef\u00fchrt. Lange Jahre erwies sich das Turnier als fester Bestandteil eines Veranstaltungsjahres und es wurde von der Dorfbev\u00f6lkerung sehr gut angenommen. Ende der 80er Jahre wurde das Turnier eingestellt.<br>Im Sommer 1985 wurde erstmals ein Turnier &#8222;Ein Dorf spielt Fu\u00dfball&#8220; ausgetragen. Dieses Turnier ist auch heute noch fester Bestandteil unseres Dorflebens und wird von der Bev\u00f6lkerung gerne angenommen. Ein weiterer sportlicher H\u00f6hepunkt war 1986 die Ausrichtung des Stadtpokals, das die Mannschaft aus Menningen gewinnen konnte.<br>Nach 18-j\u00e4hriger T\u00e4tigkeit als 1.Vorsitzender trat Alois Austgen am 01.Februar 1987 von seinem Amt zur\u00fcck und zu seinem Nachfolger wurde Hermann-Josef Jung gew\u00e4hlt. Als Anerkennung f\u00fcr seine hervorragende Vereinsarbeit wurde Alois Austgen unter anderem die silberne Medaille der Stadt Merzig \u00fcberreicht.<br>Nach jahrelanger sportlicher Talfahrt in der Meisterschaft erlebte der SVM in der Saison 1991\/92 die gr\u00f6\u00dfte Entt\u00e4uschung, als die 1.Mannschaft in die B-Klasse Merzig nur den vorletzten Tabellenplatz erreichen konnte. Hieraufhin wurde mit Dietmar M\u00fcller ein Trainer verpflichtet, de rmit sportlicher Kompetenz und Spielern aus Nachbarorten um unsere Stammformation eine schlagkr\u00e4ftige Mannschaft bildete. Dieser sportliche Aufschwung konnte auch von seinem Nachfolger Otmar Jenal weitergef\u00fchrt werden. In der Spielzeit 97\/98 wurde die Meisterschaft wie im Jahr 1995 nur knapp verfehlt.<br>Anfang der 90er Jahre wurde unser sportliches Spektrum mit der Gr\u00fcndung einer Baseball-Abteilung und einer Damen-Aerobich-Tanzgruppe weiter aufgestockt. Die zun\u00e4chst sehr erfolgreichen Baseballer mussten sich aufgrund immer gr\u00f6\u00dferer finanzieller Belastungen seitens des Baseball- verbandes aus der Bundesliga zur\u00fcckziehen. Zurzeit nimmt nur eine Soft-Ball-Mannschaft am Spielbetrieb teil. Die Aerobic-Tanzgruppe ist weiterhin aktiv und trainiert montags in der Turnhalle der Kreissonderschule in Merchingen.<br>Nach 9 Jahren als 1. Vorsitzender trat Hermann-Josef Jung 1996 vorzeitig von seinem Amt zur\u00fcck. Zu seinem Nachfolger wurde Hans-Joachim Horf gew\u00e4hlt. Durch die Generalversammlung am 25.01.1998 wurde er in seinem Amt best\u00e4tig.<br>Zum 01.01.1998 wurde ein F\u00f6rderverein f\u00fcr den SV Merchingen gegr\u00fcndet, der unter dem Namen &#8222;F\u00f6rderverein SV Merchingen 1998 e.V.&#8220; eingetragen ist. Der F\u00f6rderverein unter dem Vorsitz von Hermann-Josef Hoff hat sich zur Aufgabe gemacht, den Verein bei der Jugendarbeit und sonstigen sportlichen Anl\u00e4ssen zu unterst\u00fctzen.<br>Bei der Jahreshauptversammlung im Januar 1998 wurde der vakante Posten des Abteilungsleiters Fu\u00dfball durch Reinhard Heil neu besetzt. Im folgenden Jahr stellte der Gesch\u00e4ftsf\u00fchrer Werner Gasper sein Amt aus pers\u00f6nlichen Gr\u00fcnden zur Verf\u00fcgung und mit Edwin Dillschneider konnte schnell ein kompetenter Nachfolger gefunden werden.<br>Die Jahre 1998 bis 2001 standen ganz im Zeichen der Jugend. in der Saison 98\/99 konnte die D7-Jugend auf dem Platz die Kreismeisterschaft erringen. In einem spannenden Endspiel besiegte sie die Mannschaft aus Saarlouis-Steinrausch mit 2-1 Toren. In der gleichen Saison schaffte die B-Jugend die Meisterschaft in ihrer Gruppe. Trainiert von Hermann-Josef Jung und Manfred Mutschler konnten die Merchinger Jungs mit Hilfe der Gastspieler aus Hilbringen diesen sch\u00f6nen Erfolg feiern.<br>In der folgenden Saison wurde die gleiche Truppe, trainiert von Reinhard Heil, in der A-Jugend Gruppenhallenmeister und erreichte bei der Hallenkreismeisterschaft einen guten 4. Platz. In der Platzrunde konnte die A-Jugend Meister ihrer Gruppe werden, schaffte auch die Qualifikationsgruppe zum Aufstieg in die Bezirksliga, scheiterte letztlich im Endspiel an Saarwellingen.<br>Die Saison 2000\/2001 brachte uns wieder einen Jugendmeister &#8211; diesmal die F-Jugend als ungeschlagener Hallenmeister ihrer Gruppe.<br>F\u00fcr unsere aktiven Mannschaften konnten wir im Jahre 1999 mit Wilhelm Augustin einen neuen Trainer verpflichten, der f\u00fcr einen Neubeginn mit jungen Spielern steht. Fast alle Spieler aus der A-Jugend wurden in der Saison 2000\/01 in den aktiven Bereich \u00fcbernommen und eine v\u00f6llig neue Mannschaft geformt. Mit konsequenter Verj\u00fcngerung der 1. Mannschaft wurden die Weichen f\u00fcr eine erfolgreiche Zukunft der aktiven Mannschaften gestellt. Bereits im ersten Jahr konnte die Truppe sich im oberen Tabellenfeld festsetzen.<br>In der Saison 2000\/01 haben wir in der C-Jugend mit den Sportfreunden aus Bietzen\/Harlingen eine Spielgemeinschaft gegr\u00fcndet, um den Jugendlichen \u00fcberhaupt einen Spielm\u00f6glichkeit anbieten zu k\u00f6nnen. Diese Zusammenarbeit hat sich bis zur Erreichen des Aktivenalters in der Saison 2004\/05 bestens bew\u00e4hrt.<br>Den Jahrtausendwechsel feierten wir gemeinsam im Vereinshaus. Bei einer ausgelassenen Feier begr\u00fc\u00dften wir mit vielen Freunden des SVM das neue Jahrtausend bei Musik, Tanz und Feuerwerk.<br>Das neue Jahr brachte uns viel Arbeit rund um das Clubheim. In den Umkleider\u00e4umen wurden neue Wandfliesen verlegt und der Vorplatz unseres Clubheims wurde mit Rasengittersteinen versch\u00f6nert.<br>Unsere AH-Abteilung richtete am 16.06. und 17.06.2001 das Stadtpokalturnier f\u00fcr AH-Mannschaften aus. Wie immer unter der F\u00fchrung von Helmut Paulus bestens organisiert, wurde das Turnier ein voller Erfolg f\u00fcr den Verein, wenn auch unsere Mannschaft leider fr\u00fch aus dem Turnier ausschied.<br>Das Jahr 2002 sollte dann weider einschneidende Ver\u00e4nderungen im Vorstand bringen. Bei der Jahreshauptversammlung am 27.Januar 2002 wurde der Vorstand neu gew\u00e4hlt. Als 1. Vorsitzender wurde Reinhard Heil gew\u00e4hlt, nachdem Hans-Joachim Harf den Vorsitz aus beruflichen Gr\u00fcnden leider nicht mehr ausf\u00fchren konnte. Auch der Posten des 2.Vorsitzenden wurde mit Manfred Mutschler neu besetzt. Um der st\u00e4ndigen Verj\u00fcngerung der aktiven Mannschaften gerecht zu werden, wurden mit Thorsten Herrmann als stellv. Organisationsleiter sowie Eric Weitzel als stellv. Spielausschussvorsitzender in den Vorstand gew\u00e4hlt. Als 2. Jugendleiter konnte Wolfgang Willkomm gewonnen werden. Seine gro\u00dfe Erfahrung bringt nun auch Michael Austgen als Beisitzer der Aktiven in den Vorstand mit ein.<br>Auch die Umbauma\u00dfnahmen am Clubheim gingen weiter. Dank der gro\u00dfen Eigenleistung unserer Mitgleider konnte zum AH-Turnier der neue Grillraum eingeweiht werden.<br>Eine ganz besondere Ehre war es f\u00fcr den 1.Vorsitzenden Reinhard Heil, am Familientag 2002 den langj\u00e4hrigen Vereinsvorsitzenden Alois Austgen zum 1. Ehrenvorsitzenden des SVM zu ernennen. Alois Austgen war insgesamt 35 Jahre im Vorstand des SVM t\u00e4tig. Von 1967 &#8211; 1969 als Spielausschussvorsitzender und von 1969 &#8211; 1989 leitete Alois als 1. Vorsitzender die Geschicke des Vereins und hielt mit seiner unerm\u00fcdlichen Tatkraft den Verein auch in schwierigen Zeiten am Leben. Von 1989 &#8211; 2002 blieb er uns als 2. Vorsitzender erhalten. F\u00fcr diese au\u00dfergew\u00f6hnlichen Verdienste hat Alois Austgen diese Auszeichnung mehr als verdient.<\/p>\n\n\n\n<figure class=\"wp-block-image size-large is-resized\"><img loading=\"lazy\" decoding=\"async\" src=\"http:\/\/sv-merchingen.de\/wp-content\/uploads\/2020\/05\/RTEmagicC_6.jpg.jpg\" alt=\"\" class=\"wp-image-80\" width=\"449\" height=\"591\" srcset=\"https:\/\/sv-merchingen.de\/wp-content\/uploads\/2020\/05\/RTEmagicC_6.jpg.jpg 304w, https:\/\/sv-merchingen.de\/wp-content\/uploads\/2020\/05\/RTEmagicC_6.jpg-228x300.jpg 228w\" sizes=\"auto, (max-width: 449px) 100vw, 449px\" \/><\/figure>\n\n\n\n<p>Das Jahr 2003 begann mit einem f\u00fcr alle nicht erwarteten Erfolg. Unsere &#8222;Alten Herren&#8220; konnten die AH-Hallen-Stadtmeisterschaft gewinnen. Namenhafte Mannschaften wie Mechern, Brotdorf und auch Hilbringen konnten den Siegeszug der Truppe von Helmut Paulus nicht stoppen.<br>F\u00fcr die Saison 2002\/03 war die Meisterschaft f\u00fcr die 1. Mannschaft das gro\u00dfe Ziel. Man erhoffte sich im Jahr der 75-Jahr-Feier dieses Ziel zu verwirklichen. Doch nach anf\u00e4nglichem Erfolg fiel die Mannschaft in ein Tief, das letztlich mit dem R\u00fccktritt von Trainer Wilhelm Augustin endete. Johannes Bies und Reinhard Heil \u00fcbernahmen die Mannschaft und konnten sie wieder auf Linie bringen. Doch trotz des Erfolges, als zweitbeste R\u00fcckrundenmannschaft die Saison zu beenden, reichte es f\u00fcr Reinhard Heil, der die Mannschaft nun allein trainierte, wieder nur zum Vizemeistertitel.<br>Besonders stolz k\u00f6nnen wir auf unsere II. Mannschaft sein, die nach den Spielzeiten 93\/94, 96\/97 und 97\/98 die Meisterschaft in der Spielzeit 02\/03 zum vierten Mal erringen konnte &#8211; und das ohne Niederlage!<\/p>\n\n\n\n<div class=\"wp-block-image\"><figure class=\"aligncenter size-full\"><img loading=\"lazy\" decoding=\"async\" width=\"471\" height=\"259\" src=\"http:\/\/sv-merchingen.de\/wp-content\/uploads\/2020\/05\/RTEmagicC_9.jpg.jpg\" alt=\"\" class=\"wp-image-81\" srcset=\"https:\/\/sv-merchingen.de\/wp-content\/uploads\/2020\/05\/RTEmagicC_9.jpg.jpg 471w, https:\/\/sv-merchingen.de\/wp-content\/uploads\/2020\/05\/RTEmagicC_9.jpg-300x165.jpg 300w\" sizes=\"auto, (max-width: 471px) 100vw, 471px\" \/><\/figure><\/div>\n\n\n\n<p>Zu besonderen Ehren kam unsere B-Jugend-Spielerin Anne Mutschler. Im Rahmen des L\u00e4nderpokalturniers im Mai 2003 in Duisburg wurde Anne die Silberne Ehrennadel der Jugend im Saarl\u00e4ndischen Fu\u00dfballverband f\u00fcr 14 Eins\u00e4tze in der U15-Saarauswahl der M\u00e4dchen verliehen. Dar\u00fcber hinaus konnte sie sich als 2fache Torsch\u00fctzin hervortun.<br>F\u00fcr den letzten gro\u00dfen Erfolg zeichnet sich wiederum die AH verantwortlich. In einem spannenden Endspiel und nach 0-2-R\u00fcckstand konnte die Mannschaft nach gro\u00dfem Kampf und nach 3-2 -Endstand v\u00f6llig \u00fcberraschend den Stadtpokal f\u00fcr AH-Mannschaften gewinnen.<br>F\u00fcr die Saison 2004\/05 wurde mit Ralf &#8222;Mini&#8220; Schmidt ein Spielertrainer mit Oberligaerfahrung verpflichtet. Ziel mit der jungen Mannschaft war bereits im ersten Jahr der Meistertitel in der Kreisliga B Merzig und der damit verbundene Aufstieg in die Kreisliga A was letztlich nicht gelang, da der SV Gerlfangen-F\u00fcrweiler in diesem Jahr einfach zu stark war. Der Traum von der Meisterschaft und dem Aufstieg wurde dann ein Jahr sp\u00e4ter realisiert. Nachdem der SVM kurz nach der Winterpause bereits aussichtslos hinter Faha-Weiten zur\u00fcck lag, konnten diese am viertletzten Spieltag im Galgenbergstadtion mit 2-1 bezwungen werden. Da Weiten zuvor einige Punkte hatte liegen lassen, reduzierte sich der Meisterschaftskampf auf den SVM und die beste R\u00fcckrundenmannschaft, den SV Honzrath. Das entscheidende Spiel stieg am letzten Spieltag (28.Mai 2006) in Saarfels, wo der SVM einen Sieg ben\u00f6tigte, um am spielfreien SV Honzrath vorbei ziehen zu k\u00f6nnen. Vor 1.000 Zuschauern ging der SVM durch Tore von Andre Dillschneider, Heinrich Gorny und Pascal Miljevic (2x) mit 4-0 in F\u00fchrung und h\u00e4tte diesen komfortablen Vorsprung am Ende beinahe noch aus der Hand gegeben, als Saarfels erst zweimal verk\u00fcrzte und dann noch zweimal am Aluminium scheiterte. Der 4-2 Sieg reichte, um sich mit 85-34 Toren und 66 Punkten aus 28 Spielen den Titel vor Honzrath (65 Punkte) zu sichern. Da auch die zweite Mannschaft Meister wurde (100:15 Tore, keine Niederlage) konnte in Merchingen eine Doppelmeisterschaft gefeiert werden.<br>In der Sommerpause 2008 wurde der Hartplatz auf dem Merchinger Galgenberg in enen Kunstrasenplatz umgebaut. Dieses, einige Jahre geplante Projekt, stellt ein Meilenstein in der Geschichte des SV Merchingen dar. Neben der finanziellen Unterst\u00fctzung der Stadt Merzig, der Saarland-Sporttot GmbH sowie den vielen privaten Spendern, war die bemerkenswerte Mitarbeit der gesamten Vereinsgemeinschaft (70 freiwillige Helfer erbrachten \u00fcber 3.500 Arbeitsstunden) der Schl\u00fcssel zur Umsetzung dieses Mammut-Projektes, welches der Grundstein f\u00fcr weiterhin erfolgreichen Vereinsfu\u00dfball in Merchingen sein soll.<br>Die Spielzeit 2008\/09 ging man bei den Aktiven mit dem Ziel an, unter die ersten sieben zu kommen, da diese Platzierung f\u00fcr die Teilnahhme an der neuen Bezirksliga berechtigen w\u00fcrde. Mit der Belegung des sechsten Tabellenplatzes nach 30 Spieltagen wurde dieses Ziel erreicht und der zweite Aufstieg innerhalb von vier Spielzeiten gefeiert.<br>Zur ersten Saison in der neu gegr\u00fcndeten Bezirksliga Merzig-Wadern wurde mit Arno Scholtes ein neuer Trainer f\u00fcr die AKtiven Mannschaften des SVM verpflichtet. In der 18er Klasse mit vielen starken Mannschaften war das Augenmerk auf dne Klassenverbleib gerichtet.<br>Im Jahr 2009 wurde der Bierstand Zwo gebaut. In den Galgenberg gemauert versorgen Manfred Mutschler und Ralf Krier von hier aus die Fu\u00dfball-Fans mit Hei\u00df- und Kaltgetr\u00e4nken.<br>Die AH unter der Leitung von Konrad Kipka konnte im Jahre 2010 bereits zum zweitenmal den vor einigen Jahren ins Leben gerufenen AH-Nachtpokal gewinnen.<br>Die A-Jugend der Spielgemeinschaft Merchingen-Menningen-Bietzen konnte im Jahr 2010 die Meisterschaft erringen. Auch hier hie\u00df der Trainer Konrad Kipka.<br>F\u00fcr die Spielzeit 2012\/13 wurde die Bezirksliga Merzig wieder auf 16 Mannschaften reduziert. Mit Carsten Schober als neuem Spielertrainer und einer verj\u00fcngten Mannschaft soll hier im oberen Tabellendrittel mitgespielt werden.<\/p>\n","protected":false},"excerpt":{"rendered":"<p>Die Geschichte des SVMIm Jahre 1922 gr\u00fcndeten junge M\u00e4nner aus Merchingen einen Radfahrverein und gaben ihm den Namen &#8222;\u00dcber Berg und Tal&#8220;. In diesem Verein &hellip; <\/p>\n","protected":false},"author":1,"featured_media":0,"parent":0,"menu_order":0,"comment_status":"closed","ping_status":"closed","template":"","meta":{"ngg_post_thumbnail":0,"footnotes":""},"class_list":["post-72","page","type-page","status-publish","hentry"],"_links":{"self":[{"href":"https:\/\/sv-merchingen.de\/index.php?rest_route=\/wp\/v2\/pages\/72","targetHints":{"allow":["GET"]}}],"collection":[{"href":"https:\/\/sv-merchingen.de\/index.php?rest_route=\/wp\/v2\/pages"}],"about":[{"href":"https:\/\/sv-merchingen.de\/index.php?rest_route=\/wp\/v2\/types\/page"}],"author":[{"embeddable":true,"href":"https:\/\/sv-merchingen.de\/index.php?rest_route=\/wp\/v2\/users\/1"}],"replies":[{"embeddable":true,"href":"https:\/\/sv-merchingen.de\/index.php?rest_route=%2Fwp%2Fv2%2Fcomments&post=72"}],"version-history":[{"count":1,"href":"https:\/\/sv-merchingen.de\/index.php?rest_route=\/wp\/v2\/pages\/72\/revisions"}],"predecessor-version":[{"id":83,"href":"https:\/\/sv-merchingen.de\/index.php?rest_route=\/wp\/v2\/pages\/72\/revisions\/83"}],"wp:attachment":[{"href":"https:\/\/sv-merchingen.de\/index.php?rest_route=%2Fwp%2Fv2%2Fmedia&parent=72"}],"curies":[{"name":"wp","href":"https:\/\/api.w.org\/{rel}","templated":true}]}}