{"id":3708,"date":"2022-08-14T14:24:15","date_gmt":"2022-08-14T12:24:15","guid":{"rendered":"http:\/\/sv-merchingen.de\/?page_id=3708"},"modified":"2025-09-11T09:51:52","modified_gmt":"2025-09-11T07:51:52","slug":"spielplan-2022-23","status":"publish","type":"page","link":"https:\/\/sv-merchingen.de\/?page_id=3708","title":{"rendered":"Torsch\u00fctzenliste"},"content":{"rendered":"\n<p><strong>Torsch\u00fctzenliste &#8211; 1. Mannschaft<\/strong><\/p>\n\n\n\n<figure class=\"wp-block-table\"><table class=\"has-fixed-layout\"><tbody><tr><td class=\"has-text-align-center\" data-align=\"center\"><\/td><td class=\"has-text-align-center\" data-align=\"center\"><\/td><td class=\"has-text-align-center\" data-align=\"center\"><img loading=\"lazy\" decoding=\"async\" width=\"120\" height=\"120\" class=\"wp-image-5113\" style=\"width: 120px;\" src=\"http:\/\/sv-merchingen.de\/wp-content\/uploads\/2022\/10\/P1015843-Kopie-scaled.jpg\" alt=\"\" srcset=\"https:\/\/sv-merchingen.de\/wp-content\/uploads\/2022\/10\/P1015843-Kopie-scaled.jpg 2560w, https:\/\/sv-merchingen.de\/wp-content\/uploads\/2022\/10\/P1015843-Kopie-300x300.jpg 300w, https:\/\/sv-merchingen.de\/wp-content\/uploads\/2022\/10\/P1015843-Kopie-1024x1024.jpg 1024w, https:\/\/sv-merchingen.de\/wp-content\/uploads\/2022\/10\/P1015843-Kopie-150x150.jpg 150w, https:\/\/sv-merchingen.de\/wp-content\/uploads\/2022\/10\/P1015843-Kopie-768x768.jpg 768w, https:\/\/sv-merchingen.de\/wp-content\/uploads\/2022\/10\/P1015843-Kopie-1536x1536.jpg 1536w, https:\/\/sv-merchingen.de\/wp-content\/uploads\/2022\/10\/P1015843-Kopie-2048x2048.jpg 2048w\" sizes=\"auto, (max-width: 120px) 100vw, 120px\" \/><br>Florian W\u00e4chter<br>2 Tore<\/td><td class=\"has-text-align-center\" data-align=\"center\"><br><\/td><\/tr><tr><td class=\"has-text-align-center\" data-align=\"center\"><\/td><td class=\"has-text-align-center\" data-align=\"center\"><br><\/td><td class=\"has-text-align-center\" data-align=\"center\"><br>Jusin Morio<br>1 Tor<\/td><td class=\"has-text-align-center\" data-align=\"center\"><br><\/td><\/tr><tr><td class=\"has-text-align-center\" data-align=\"center\"><img loading=\"lazy\" decoding=\"async\" width=\"120\" height=\"120\" class=\"wp-image-4245\" style=\"width: 120px;\" src=\"http:\/\/sv-merchingen.de\/wp-content\/uploads\/2022\/09\/P1015140-scaled.jpg\" alt=\"\" srcset=\"https:\/\/sv-merchingen.de\/wp-content\/uploads\/2022\/09\/P1015140-scaled.jpg 2558w, https:\/\/sv-merchingen.de\/wp-content\/uploads\/2022\/09\/P1015140-300x300.jpg 300w, https:\/\/sv-merchingen.de\/wp-content\/uploads\/2022\/09\/P1015140-1024x1024.jpg 1024w, https:\/\/sv-merchingen.de\/wp-content\/uploads\/2022\/09\/P1015140-150x150.jpg 150w, https:\/\/sv-merchingen.de\/wp-content\/uploads\/2022\/09\/P1015140-768x768.jpg 768w, https:\/\/sv-merchingen.de\/wp-content\/uploads\/2022\/09\/P1015140-1536x1536.jpg 1536w, https:\/\/sv-merchingen.de\/wp-content\/uploads\/2022\/09\/P1015140-2048x2048.jpg 2048w\" sizes=\"auto, (max-width: 120px) 100vw, 120px\" \/><br>Tim Jan Kildau<br>2 Tore<\/td><td class=\"has-text-align-center\" data-align=\"center\"><img loading=\"lazy\" decoding=\"async\" width=\"120\" height=\"120\" class=\"wp-image-4250\" style=\"width: 120px;\" src=\"http:\/\/sv-merchingen.de\/wp-content\/uploads\/2022\/09\/P1015161-scaled.jpg\" alt=\"\" srcset=\"https:\/\/sv-merchingen.de\/wp-content\/uploads\/2022\/09\/P1015161-scaled.jpg 2560w, https:\/\/sv-merchingen.de\/wp-content\/uploads\/2022\/09\/P1015161-300x300.jpg 300w, https:\/\/sv-merchingen.de\/wp-content\/uploads\/2022\/09\/P1015161-1024x1024.jpg 1024w, https:\/\/sv-merchingen.de\/wp-content\/uploads\/2022\/09\/P1015161-150x150.jpg 150w, https:\/\/sv-merchingen.de\/wp-content\/uploads\/2022\/09\/P1015161-768x768.jpg 768w, https:\/\/sv-merchingen.de\/wp-content\/uploads\/2022\/09\/P1015161-1536x1536.jpg 1536w, https:\/\/sv-merchingen.de\/wp-content\/uploads\/2022\/09\/P1015161-2048x2048.jpg 2048w\" sizes=\"auto, (max-width: 120px) 100vw, 120px\" \/><br>Christian Maruhn<br>1 Tor<\/td><td class=\"has-text-align-center\" data-align=\"center\"><\/td><td class=\"has-text-align-center\" data-align=\"center\"><img loading=\"lazy\" decoding=\"async\" width=\"120\" height=\"120\" class=\"wp-image-4623\" style=\"width: 120px;\" src=\"http:\/\/sv-merchingen.de\/wp-content\/uploads\/2022\/09\/P1015271-scaled.jpg\" alt=\"\" srcset=\"https:\/\/sv-merchingen.de\/wp-content\/uploads\/2022\/09\/P1015271-scaled.jpg 2560w, https:\/\/sv-merchingen.de\/wp-content\/uploads\/2022\/09\/P1015271-300x300.jpg 300w, https:\/\/sv-merchingen.de\/wp-content\/uploads\/2022\/09\/P1015271-1024x1024.jpg 1024w, https:\/\/sv-merchingen.de\/wp-content\/uploads\/2022\/09\/P1015271-150x150.jpg 150w, https:\/\/sv-merchingen.de\/wp-content\/uploads\/2022\/09\/P1015271-768x768.jpg 768w, https:\/\/sv-merchingen.de\/wp-content\/uploads\/2022\/09\/P1015271-1536x1536.jpg 1536w, https:\/\/sv-merchingen.de\/wp-content\/uploads\/2022\/09\/P1015271-2048x2048.jpg 2048w\" sizes=\"auto, (max-width: 120px) 100vw, 120px\" \/><br>Jonas Hoff<br>1 Tor<\/td><\/tr><tr><td class=\"has-text-align-center\" data-align=\"center\"><br><\/td><td class=\"has-text-align-center\" data-align=\"center\"><br><\/td><td class=\"has-text-align-center\" data-align=\"center\"><\/td><td class=\"has-text-align-center\" data-align=\"center\"><\/td><\/tr><\/tbody><\/table><figcaption class=\"wp-element-caption\">Stand 30.08.25<\/figcaption><\/figure>\n\n\n\n<p><\/p>\n\n\n\n<p><strong>Torsch\u00fctzenliste &#8211; 2. Mannschaft<\/strong><\/p>\n\n\n\n<figure class=\"wp-block-table\"><table class=\"has-fixed-layout\"><tbody><tr><td class=\"has-text-align-center\" data-align=\"center\"><\/td><td class=\"has-text-align-center\" data-align=\"center\"><img loading=\"lazy\" decoding=\"async\" width=\"120\" height=\"120\" class=\"wp-image-9272\" style=\"width: 120px;\" src=\"http:\/\/sv-merchingen.de\/wp-content\/uploads\/2023\/07\/P1020631-Kopie-scaled.jpg\" alt=\"\" srcset=\"https:\/\/sv-merchingen.de\/wp-content\/uploads\/2023\/07\/P1020631-Kopie-scaled.jpg 2558w, https:\/\/sv-merchingen.de\/wp-content\/uploads\/2023\/07\/P1020631-Kopie-300x300.jpg 300w, https:\/\/sv-merchingen.de\/wp-content\/uploads\/2023\/07\/P1020631-Kopie-1024x1024.jpg 1024w, https:\/\/sv-merchingen.de\/wp-content\/uploads\/2023\/07\/P1020631-Kopie-150x150.jpg 150w, https:\/\/sv-merchingen.de\/wp-content\/uploads\/2023\/07\/P1020631-Kopie-768x768.jpg 768w, https:\/\/sv-merchingen.de\/wp-content\/uploads\/2023\/07\/P1020631-Kopie-1536x1536.jpg 1536w\" sizes=\"auto, (max-width: 120px) 100vw, 120px\" \/><br>Noe Lauer<br>1 Tor<\/td><td class=\"has-text-align-center\" data-align=\"center\">Jannick Lesaar<br>1 Tor<\/td><td class=\"has-text-align-center\" data-align=\"center\"><img loading=\"lazy\" decoding=\"async\" width=\"120\" height=\"120\" class=\"wp-image-5114\" style=\"width: 120px;\" src=\"http:\/\/sv-merchingen.de\/wp-content\/uploads\/2022\/10\/P1015850-Kopie-scaled.jpg\" alt=\"\" srcset=\"https:\/\/sv-merchingen.de\/wp-content\/uploads\/2022\/10\/P1015850-Kopie-scaled.jpg 2560w, https:\/\/sv-merchingen.de\/wp-content\/uploads\/2022\/10\/P1015850-Kopie-300x300.jpg 300w, https:\/\/sv-merchingen.de\/wp-content\/uploads\/2022\/10\/P1015850-Kopie-1024x1024.jpg 1024w, https:\/\/sv-merchingen.de\/wp-content\/uploads\/2022\/10\/P1015850-Kopie-150x150.jpg 150w, https:\/\/sv-merchingen.de\/wp-content\/uploads\/2022\/10\/P1015850-Kopie-768x768.jpg 768w, https:\/\/sv-merchingen.de\/wp-content\/uploads\/2022\/10\/P1015850-Kopie-1536x1536.jpg 1536w, https:\/\/sv-merchingen.de\/wp-content\/uploads\/2022\/10\/P1015850-Kopie-2048x2048.jpg 2048w\" sizes=\"auto, (max-width: 120px) 100vw, 120px\" \/><br>Niclas Meiers <br>1 Tor<\/td><\/tr><tr><td class=\"has-text-align-center\" data-align=\"center\"><br>Fynn Hargarter <br>2 Tore<\/td><td class=\"has-text-align-center\" data-align=\"center\">Benedikt Reinert<br>2 Tore<\/td><td class=\"has-text-align-center\" data-align=\"center\">Guckeisen Torben<br>2 Tore<\/td><td class=\"has-text-align-center\" data-align=\"center\"><\/td><\/tr><tr><td class=\"has-text-align-center\" data-align=\"center\"><\/td><td class=\"has-text-align-center\" data-align=\"center\"><\/td><td class=\"has-text-align-center\" data-align=\"center\"><br><\/td><td class=\"has-text-align-center\" data-align=\"center\"><br><\/td><\/tr><tr><td class=\"has-text-align-center\" data-align=\"center\"><br><\/td><td class=\"has-text-align-center\" data-align=\"center\"><\/td><td class=\"has-text-align-center\" data-align=\"center\"><\/td><td class=\"has-text-align-center\" data-align=\"center\"><\/td><\/tr><\/tbody><\/table><figcaption class=\"wp-element-caption\">Stand 30.08.25<\/figcaption><\/figure>\n\n\n\n<p><\/p>\n","protected":false},"excerpt":{"rendered":"<p>Torsch\u00fctzenliste &#8211; 1. Mannschaft Florian W\u00e4chter2 Tore Jusin Morio1 Tor Tim Jan Kildau2 Tore Christian Maruhn1 Tor Jonas Hoff1 Tor Stand 30.08.25 Torsch\u00fctzenliste &#8211; 2. &hellip; <\/p>\n","protected":false},"author":2,"featured_media":0,"parent":0,"menu_order":0,"comment_status":"closed","ping_status":"closed","template":"","meta":{"ngg_post_thumbnail":0,"footnotes":""},"class_list":["post-3708","page","type-page","status-publish","hentry"],"_links":{"self":[{"href":"https:\/\/sv-merchingen.de\/index.php?rest_route=\/wp\/v2\/pages\/3708","targetHints":{"allow":["GET"]}}],"collection":[{"href":"https:\/\/sv-merchingen.de\/index.php?rest_route=\/wp\/v2\/pages"}],"about":[{"href":"https:\/\/sv-merchingen.de\/index.php?rest_route=\/wp\/v2\/types\/page"}],"author":[{"embeddable":true,"href":"https:\/\/sv-merchingen.de\/index.php?rest_route=\/wp\/v2\/users\/2"}],"replies":[{"embeddable":true,"href":"https:\/\/sv-merchingen.de\/index.php?rest_route=%2Fwp%2Fv2%2Fcomments&post=3708"}],"version-history":[{"count":64,"href":"https:\/\/sv-merchingen.de\/index.php?rest_route=\/wp\/v2\/pages\/3708\/revisions"}],"predecessor-version":[{"id":20863,"href":"https:\/\/sv-merchingen.de\/index.php?rest_route=\/wp\/v2\/pages\/3708\/revisions\/20863"}],"wp:attachment":[{"href":"https:\/\/sv-merchingen.de\/index.php?rest_route=%2Fwp%2Fv2%2Fmedia&parent=3708"}],"curies":[{"name":"wp","href":"https:\/\/api.w.org\/{rel}","templated":true}]}}