{"id":3193,"date":"2022-07-01T18:17:36","date_gmt":"2022-07-01T16:17:36","guid":{"rendered":"http:\/\/sv-merchingen.de\/?page_id=3193"},"modified":"2022-07-04T17:03:44","modified_gmt":"2022-07-04T15:03:44","slug":"erstversorger","status":"publish","type":"page","link":"https:\/\/sv-merchingen.de\/?page_id=3193","title":{"rendered":"Erstversorger"},"content":{"rendered":"\n<p>An dieser Stelle geht ein ganz <strong>herzliches DANKESCH\u00d6N <\/strong>an die Mitglieder vom DRK Ortsverein Merchingen.<\/p>\n\n\n\n<p><\/p>\n\n\n\n<p>Seit Jahrzehnten ist das DRK bei den Heimspielen auf dem Galgenberg in Merchingen vor Ort<\/p>\n\n\n\n<p> <strong>&#8211; wor\u00fcber wir Merchinger sehr stolz sind!<\/strong><\/p>\n\n\n\n<p>In den vergangenen Wochen wurde sogar schon die ersten Kids vom Jugend-Roten Kreuz mit eingebunden!<\/p>\n\n\n\n<p>Auch beim traditionellen Familientag werden f\u00fcr regelm\u00e4\u00dfig von der Kochtruppe des DRK bek\u00f6stigt!<\/p>\n\n\n\n<p><strong>Vielen, vielen Dank f\u00fcr euren Einsatz und die gute Zusammenarbeit!!!<\/strong><\/p>\n\n\n\n<figure class=\"wp-block-image size-large\"><img loading=\"lazy\" decoding=\"async\" width=\"1024\" height=\"819\" src=\"http:\/\/sv-merchingen.de\/wp-content\/uploads\/2022\/07\/Neuer-Ordner-1024x819.jpg\" alt=\"\" class=\"wp-image-3226\" srcset=\"https:\/\/sv-merchingen.de\/wp-content\/uploads\/2022\/07\/Neuer-Ordner-1024x819.jpg 1024w, https:\/\/sv-merchingen.de\/wp-content\/uploads\/2022\/07\/Neuer-Ordner-300x240.jpg 300w, https:\/\/sv-merchingen.de\/wp-content\/uploads\/2022\/07\/Neuer-Ordner-768x614.jpg 768w, https:\/\/sv-merchingen.de\/wp-content\/uploads\/2022\/07\/Neuer-Ordner-1536x1229.jpg 1536w, https:\/\/sv-merchingen.de\/wp-content\/uploads\/2022\/07\/Neuer-Ordner-2048x1638.jpg 2048w\" sizes=\"auto, (max-width: 1024px) 100vw, 1024px\" \/><\/figure>\n","protected":false},"excerpt":{"rendered":"<p>An dieser Stelle geht ein ganz herzliches DANKESCH\u00d6N an die Mitglieder vom DRK Ortsverein Merchingen. Seit Jahrzehnten ist das DRK bei den Heimspielen auf dem &hellip; <\/p>\n","protected":false},"author":2,"featured_media":0,"parent":0,"menu_order":0,"comment_status":"closed","ping_status":"closed","template":"","meta":{"ngg_post_thumbnail":0,"footnotes":""},"class_list":["post-3193","page","type-page","status-publish","hentry"],"_links":{"self":[{"href":"https:\/\/sv-merchingen.de\/index.php?rest_route=\/wp\/v2\/pages\/3193","targetHints":{"allow":["GET"]}}],"collection":[{"href":"https:\/\/sv-merchingen.de\/index.php?rest_route=\/wp\/v2\/pages"}],"about":[{"href":"https:\/\/sv-merchingen.de\/index.php?rest_route=\/wp\/v2\/types\/page"}],"author":[{"embeddable":true,"href":"https:\/\/sv-merchingen.de\/index.php?rest_route=\/wp\/v2\/users\/2"}],"replies":[{"embeddable":true,"href":"https:\/\/sv-merchingen.de\/index.php?rest_route=%2Fwp%2Fv2%2Fcomments&post=3193"}],"version-history":[{"count":5,"href":"https:\/\/sv-merchingen.de\/index.php?rest_route=\/wp\/v2\/pages\/3193\/revisions"}],"predecessor-version":[{"id":3228,"href":"https:\/\/sv-merchingen.de\/index.php?rest_route=\/wp\/v2\/pages\/3193\/revisions\/3228"}],"wp:attachment":[{"href":"https:\/\/sv-merchingen.de\/index.php?rest_route=%2Fwp%2Fv2%2Fmedia&parent=3193"}],"curies":[{"name":"wp","href":"https:\/\/api.w.org\/{rel}","templated":true}]}}