{"id":16,"date":"2020-05-22T15:44:12","date_gmt":"2020-05-22T13:44:12","guid":{"rendered":"http:\/\/sv-merchingen.de\/?page_id=16"},"modified":"2025-08-18T18:59:18","modified_gmt":"2025-08-18T16:59:18","slug":"der-vorstand","status":"publish","type":"page","link":"https:\/\/sv-merchingen.de\/?page_id=16","title":{"rendered":"Der Vorstand"},"content":{"rendered":"\n<p>Vergangenen Sonntag (11.05.2025) fand auf dem Sportplatz in Merchingen \u2013 wie jedes Jahr \u2013 die Mitgliederversammlung des SV Merchingen statt.<img loading=\"lazy\" decoding=\"async\" height=\"16\" width=\"16\" src=\"https:\/\/static.xx.fbcdn.net\/images\/emoji.php\/v9\/t15\/1\/16\/1f49b.png\" alt=\"\ud83d\udc9b\"><\/p>\n\n\n\n<p>Der Verein blickte auf ein sehr erfolgreiches Jahr zur\u00fcck. <img loading=\"lazy\" decoding=\"async\" height=\"16\" width=\"16\" src=\"https:\/\/static.xx.fbcdn.net\/images\/emoji.php\/v9\/tfd\/1\/16\/1f64c.png\" alt=\"\ud83d\ude4c\"> Neben den Berichten aus den Abteilungen standen auch Neuwahlen des Vorstands auf der Tagesordnung. <img loading=\"lazy\" decoding=\"async\" height=\"16\" width=\"16\" src=\"https:\/\/static.xx.fbcdn.net\/images\/emoji.php\/v9\/t9a\/1\/16\/1f5f3.png\" alt=\"\ud83d\uddf3\ufe0f\"><\/p>\n\n\n\n<p>Verabschiedet wurden die Vorstandsmitglieder Eric Hargarter und Vincent Bauer \u2013 der Verein bedankt sich f\u00fcr ihre geleistete Arbeit. <img loading=\"lazy\" decoding=\"async\" height=\"16\" width=\"16\" alt=\"\ud83d\udc9b\" src=\"https:\/\/static.xx.fbcdn.net\/images\/emoji.php\/v9\/t15\/1\/16\/1f49b.png\"><img loading=\"lazy\" decoding=\"async\" height=\"16\" width=\"16\" alt=\"\ud83d\udda4\" src=\"https:\/\/static.xx.fbcdn.net\/images\/emoji.php\/v9\/t0\/1\/16\/1f5a4.png\"> Michael Hargarter verl\u00e4sst den Jugendbereich und tritt nun dem gesch\u00e4ftsf\u00fchrenden Vorstand bei.<img loading=\"lazy\" decoding=\"async\" height=\"16\" width=\"16\" alt=\"\ud83d\ude4c\" src=\"https:\/\/static.xx.fbcdn.net\/images\/emoji.php\/v9\/tfd\/1\/16\/1f64c.png\"><\/p>\n\n\n\n<p><strong>Neuer Vorstand des SV Merchingen gew\u00e4hlt<\/strong><img loading=\"lazy\" decoding=\"async\" height=\"16\" width=\"16\" src=\"https:\/\/static.xx.fbcdn.net\/images\/emoji.php\/v9\/t1f\/1\/16\/1f41d.png\" alt=\"\ud83d\udc1d\"><\/p>\n\n\n\n<p>Im Rahmen der Mitgliederversammlung am vergangenen Sonntag wurde der neue Vorstand des SV Merchingen gew\u00e4hlt. Die Verantwortungsbereiche sind wie folgt besetzt:<\/p>\n\n\n\n<p><strong>Gesch\u00e4ftsf\u00fchrung: Johannes Bies, Bernd Reinert, Julian Reinert, Pascal F\u00f6hr, Michael Hargarter<\/strong><\/p>\n\n\n\n<p><strong>Jugendabteilung: Marc Hargarter, Sven Dillinger, Mike Jongebloet, Mathias Hargarter<\/strong><\/p>\n\n\n\n<p><strong>Abteilung Alte Herren: Martin Herrmann<\/strong><\/p>\n\n\n\n<p><strong>Abteilung f\u00fcr Organisation: Torsten Herrmann, Jonas Hoff, Lars Holbach, Gioppo Agnello<\/strong><\/p>\n\n\n\n<p><strong>Spielausschuss: Benni Brausch, Christian Linster, Frederic Scholtes, Giuliano Mary<\/strong><\/p>\n\n\n\n<p><strong>Spielbetrieb: Manfred Mutschler, Robin Denoyelle<\/strong><\/p>\n\n\n\n<p><strong>\u00d6ffentlichkeitsarbeit: Tanja Mutschler, Mara Mutschler, Wolfgang Willkomm<\/strong><\/p>\n\n\n\n<figure class=\"wp-block-image size-large\"><img loading=\"lazy\" decoding=\"async\" width=\"816\" height=\"1024\" src=\"https:\/\/sv-merchingen.de\/wp-content\/uploads\/2025\/08\/497894891_1007888877996297_847747317633435822_n-1-816x1024.jpg\" alt=\"\" class=\"wp-image-19963\" srcset=\"https:\/\/sv-merchingen.de\/wp-content\/uploads\/2025\/08\/497894891_1007888877996297_847747317633435822_n-1-816x1024.jpg 816w, https:\/\/sv-merchingen.de\/wp-content\/uploads\/2025\/08\/497894891_1007888877996297_847747317633435822_n-1-239x300.jpg 239w, https:\/\/sv-merchingen.de\/wp-content\/uploads\/2025\/08\/497894891_1007888877996297_847747317633435822_n-1-768x963.jpg 768w, https:\/\/sv-merchingen.de\/wp-content\/uploads\/2025\/08\/497894891_1007888877996297_847747317633435822_n-1-1225x1536.jpg 1225w, https:\/\/sv-merchingen.de\/wp-content\/uploads\/2025\/08\/497894891_1007888877996297_847747317633435822_n-1.jpg 1290w\" sizes=\"auto, (max-width: 816px) 100vw, 816px\" \/><\/figure>\n\n\n\n<p class=\"has-text-align-center\"><\/p>\n\n\n\n<p class=\"has-small-font-size\"><\/p>\n\n\n\n<p><\/p>\n","protected":false},"excerpt":{"rendered":"<p>Vergangenen Sonntag (11.05.2025) fand auf dem Sportplatz in Merchingen \u2013 wie jedes Jahr \u2013 die Mitgliederversammlung des SV Merchingen statt. Der Verein blickte auf ein &hellip; <\/p>\n","protected":false},"author":1,"featured_media":0,"parent":0,"menu_order":0,"comment_status":"closed","ping_status":"closed","template":"","meta":{"ngg_post_thumbnail":0,"footnotes":""},"class_list":["post-16","page","type-page","status-publish","hentry"],"_links":{"self":[{"href":"https:\/\/sv-merchingen.de\/index.php?rest_route=\/wp\/v2\/pages\/16","targetHints":{"allow":["GET"]}}],"collection":[{"href":"https:\/\/sv-merchingen.de\/index.php?rest_route=\/wp\/v2\/pages"}],"about":[{"href":"https:\/\/sv-merchingen.de\/index.php?rest_route=\/wp\/v2\/types\/page"}],"author":[{"embeddable":true,"href":"https:\/\/sv-merchingen.de\/index.php?rest_route=\/wp\/v2\/users\/1"}],"replies":[{"embeddable":true,"href":"https:\/\/sv-merchingen.de\/index.php?rest_route=%2Fwp%2Fv2%2Fcomments&post=16"}],"version-history":[{"count":6,"href":"https:\/\/sv-merchingen.de\/index.php?rest_route=\/wp\/v2\/pages\/16\/revisions"}],"predecessor-version":[{"id":19964,"href":"https:\/\/sv-merchingen.de\/index.php?rest_route=\/wp\/v2\/pages\/16\/revisions\/19964"}],"wp:attachment":[{"href":"https:\/\/sv-merchingen.de\/index.php?rest_route=%2Fwp%2Fv2%2Fmedia&parent=16"}],"curies":[{"name":"wp","href":"https:\/\/api.w.org\/{rel}","templated":true}]}}