{"id":159,"date":"2020-05-23T11:04:45","date_gmt":"2020-05-23T09:04:45","guid":{"rendered":"http:\/\/sv-merchingen.de\/?page_id=159"},"modified":"2025-10-20T15:23:15","modified_gmt":"2025-10-20T13:23:15","slug":"impressum","status":"publish","type":"page","link":"https:\/\/sv-merchingen.de\/?page_id=159","title":{"rendered":"Impressum"},"content":{"rendered":"\n<figure class=\"wp-block-table\"><table><tbody><tr><td><strong>Herausgeber:<\/strong><\/td><\/tr><tr><td><strong>Sportverein Merchingen 1928 e.V.<\/strong><\/td><\/tr><\/tbody><\/table><\/figure>\n\n\n\n<figure class=\"wp-block-table\"><table><tbody><tr><td>Gesch\u00e4ftsf\u00fchrender Vorstand:<br>Bies Johannes, F\u00f6hr Pascal, Hargarter Michael, Reinert Bernd, Reinert Julian<\/td><td>&nbsp;<\/td><td>&nbsp;<\/td><td>&nbsp;<\/td><td>&nbsp;<\/td><\/tr><tr><td>Saarlouiser Weg 21a<\/td><td>&nbsp;<\/td><td>&nbsp;<\/td><td>&nbsp;<\/td><td>&nbsp;<\/td><\/tr><tr><td>66663 Merzig<\/td><td>&nbsp;<\/td><td>&nbsp;<\/td><td>&nbsp;<\/td><td>&nbsp;<\/td><\/tr><tr><td>info@sv-merchingen.de<\/td><td>&nbsp;<\/td><td>&nbsp;<\/td><td>&nbsp;<\/td><td>&nbsp;<\/td><\/tr><tr><td>&nbsp;<\/td><td>&nbsp;<\/td><td>&nbsp;<\/td><td>&nbsp;<\/td><td>&nbsp;<\/td><\/tr><\/tbody><\/table><\/figure>\n\n\n\n<p><strong>Rechtliche Hinweise<\/strong><\/p>\n\n\n\n<p>Inhalt des Webangebots: Die Angaben auf der Internetseite sind \u00fcberpr\u00fcft. Ungeachtet dessen wird keine Garantie f\u00fcr Vollst\u00e4ndigkeit, Richtigkeit und letzte Aktualit\u00e4t der Information \u00fcbernommen.<\/p>\n\n\n\n<p>E-Mail: Der Versand von E-Mails von der Webseite hat keine fristwahrende Wirkung. An dieser Stelle gilt auch der Hinweis, dass die Kommunikation per E-Mail \u00fcber das Internet unsicher ist und M\u00f6glichkeiten fremder Einsichtnahme und Datenmanipulation bestehen. Es wird weder f\u00fcr den Inhalt noch die inhaltliche Manipulation von E-Mails gehaftet.<\/p>\n\n\n\n<p>Externe Verweise und Links:\u2028Wir erkl\u00e4ren, dass zum Zeitpunkt der Setzung eines Querverweises (Hyperlink) zu einer anderen Internetseite diese frei von illegalen Inhalten war. Wir zeichnen nicht verantwortlich f\u00fcr Inhalt und Gestaltung der verkn\u00fcpften Internetseite und machen uns deren Inhalt und Gestaltung nicht zu eigen. Wir sind nicht verpflichtet, einmal gelinkte Inhalte laufend auf Ver\u00e4nderungen zu \u00fcberpr\u00fcfen, welche eine Verantwortlichkeit unsererseits begr\u00fcnden k\u00f6nnte. F\u00fcr sp\u00e4ter aufgenommene illegale Inhalte der verkn\u00fcpften Seiten k\u00f6nnen wir keine Verantwortung \u00fcbernehmen, es haftet allein der Anbieter der Internetseite, auf die verwiesen wurde.<\/p>\n\n\n\n<p>Datenschutz: Sofern innerhalb des Internetangebotes die M\u00f6glichkeit zur Eingabe pers\u00f6nlicher oder gesch\u00e4ftlicher Daten (E-Mail-Adressen, Namen, Anschriften) besteht, so erfolgt die Preisgabe dieser Daten seitens des Nutzers auf freiwilliger Basis. Die Inanspruchnahme aller angebotenen Dienste ist &#8211; soweit technisch m\u00f6glich und zumutbar &#8211; auch ohne Angabe solcher Daten bzw. unter Angabe anonymisierter Daten oder eines Pseudonyms gestattet.<\/p>\n\n\n\n<p>Rechtswirksamkeit: Sofern einzelne Formulierungen oder Teile dieses Textes der geltenden Rechtslage nicht mehr oder nicht mehr vollst\u00e4ndig entsprechen, bleiben die \u00fcbrigen Teile dieser Erkl\u00e4rung davon unber\u00fchrt.<\/p>\n\n\n\n<p>Sprachformen: Soweit auf den Internetseiten Bezeichnungen, die f\u00fcr Frauen und M\u00e4nner gelten, in der m\u00e4nnlichen Sprachform verwendet werden, gelten diese Bezeichnungen f\u00fcr Frauen in der weiblichen, ebenso gelten f\u00fcr gew\u00e4hlte weibliche Sprachformen diese Bezeichnungen f\u00fcr M\u00e4nner in der m\u00e4nnlichen Sprachform.<\/p>\n","protected":false},"excerpt":{"rendered":"<p>Herausgeber: Sportverein Merchingen 1928 e.V. Gesch\u00e4ftsf\u00fchrender Vorstand:Bies Johannes, F\u00f6hr Pascal, Hargarter Michael, Reinert Bernd, Reinert Julian &nbsp; &nbsp; &nbsp; &nbsp; Saarlouiser Weg 21a &nbsp; &nbsp; &hellip; <\/p>\n","protected":false},"author":1,"featured_media":0,"parent":0,"menu_order":0,"comment_status":"closed","ping_status":"closed","template":"","meta":{"ngg_post_thumbnail":0,"footnotes":""},"class_list":["post-159","page","type-page","status-publish","hentry"],"_links":{"self":[{"href":"https:\/\/sv-merchingen.de\/index.php?rest_route=\/wp\/v2\/pages\/159","targetHints":{"allow":["GET"]}}],"collection":[{"href":"https:\/\/sv-merchingen.de\/index.php?rest_route=\/wp\/v2\/pages"}],"about":[{"href":"https:\/\/sv-merchingen.de\/index.php?rest_route=\/wp\/v2\/types\/page"}],"author":[{"embeddable":true,"href":"https:\/\/sv-merchingen.de\/index.php?rest_route=\/wp\/v2\/users\/1"}],"replies":[{"embeddable":true,"href":"https:\/\/sv-merchingen.de\/index.php?rest_route=%2Fwp%2Fv2%2Fcomments&post=159"}],"version-history":[{"count":3,"href":"https:\/\/sv-merchingen.de\/index.php?rest_route=\/wp\/v2\/pages\/159\/revisions"}],"predecessor-version":[{"id":21390,"href":"https:\/\/sv-merchingen.de\/index.php?rest_route=\/wp\/v2\/pages\/159\/revisions\/21390"}],"wp:attachment":[{"href":"https:\/\/sv-merchingen.de\/index.php?rest_route=%2Fwp%2Fv2%2Fmedia&parent=159"}],"curies":[{"name":"wp","href":"https:\/\/api.w.org\/{rel}","templated":true}]}}