{"id":152,"date":"2020-05-23T11:00:47","date_gmt":"2020-05-23T09:00:47","guid":{"rendered":"http:\/\/sv-merchingen.de\/?page_id=152"},"modified":"2025-08-18T18:54:37","modified_gmt":"2025-08-18T16:54:37","slug":"klubkasse","status":"publish","type":"page","link":"https:\/\/sv-merchingen.de\/?page_id=152","title":{"rendered":"Neuer Platz 2025"},"content":{"rendered":"\n<p>Neuer Sportplatz \u2013 Werde Teil davon!&nbsp;<\/p>\n\n\n\n<p>Unser Verein bekommt einen neuen Sportplatz!<br>Unterst\u00fctzt uns dabei mit eurer Spende:<br>Sichert euch euer eigenes St\u00fcck Rasen oder einen Platz auf der Trib\u00fcne!&nbsp;<\/p>\n\n\n\n<p>&nbsp;Jetzt mitmachen und ein St\u00fcck Vereinsgeschichte schreiben!<\/p>\n\n\n\n<p><a href=\"https:\/\/sv-merchingen.projekt-kunstrasen.de\">https:\/\/sv-merchingen.projekt-kunstrasen.de<\/a><\/p>\n\n\n\n<p>Hinweis: Wenn es beim Laden auf dem Handy nicht richtig funktioniert \u2013 einfach PC oder Laptop nutzen, dort klappt es besser.&nbsp;<\/p>\n\n\n\n<figure class=\"wp-block-image size-large\"><img loading=\"lazy\" decoding=\"async\" width=\"724\" height=\"1024\" src=\"https:\/\/sv-merchingen.de\/wp-content\/uploads\/2025\/08\/513045697_1035280748590443_3987988198714796385_n-724x1024.jpg\" alt=\"\" class=\"wp-image-19960\" srcset=\"https:\/\/sv-merchingen.de\/wp-content\/uploads\/2025\/08\/513045697_1035280748590443_3987988198714796385_n-724x1024.jpg 724w, https:\/\/sv-merchingen.de\/wp-content\/uploads\/2025\/08\/513045697_1035280748590443_3987988198714796385_n-212x300.jpg 212w, https:\/\/sv-merchingen.de\/wp-content\/uploads\/2025\/08\/513045697_1035280748590443_3987988198714796385_n-768x1086.jpg 768w, https:\/\/sv-merchingen.de\/wp-content\/uploads\/2025\/08\/513045697_1035280748590443_3987988198714796385_n-1086x1536.jpg 1086w, https:\/\/sv-merchingen.de\/wp-content\/uploads\/2025\/08\/513045697_1035280748590443_3987988198714796385_n.jpg 1414w\" sizes=\"auto, (max-width: 724px) 100vw, 724px\" \/><\/figure>\n","protected":false},"excerpt":{"rendered":"<p>Neuer Sportplatz \u2013 Werde Teil davon!&nbsp; Unser Verein bekommt einen neuen Sportplatz!Unterst\u00fctzt uns dabei mit eurer Spende:Sichert euch euer eigenes St\u00fcck Rasen oder einen Platz &hellip; <\/p>\n","protected":false},"author":1,"featured_media":0,"parent":0,"menu_order":0,"comment_status":"closed","ping_status":"closed","template":"","meta":{"ngg_post_thumbnail":0,"footnotes":""},"class_list":["post-152","page","type-page","status-publish","hentry"],"_links":{"self":[{"href":"https:\/\/sv-merchingen.de\/index.php?rest_route=\/wp\/v2\/pages\/152","targetHints":{"allow":["GET"]}}],"collection":[{"href":"https:\/\/sv-merchingen.de\/index.php?rest_route=\/wp\/v2\/pages"}],"about":[{"href":"https:\/\/sv-merchingen.de\/index.php?rest_route=\/wp\/v2\/types\/page"}],"author":[{"embeddable":true,"href":"https:\/\/sv-merchingen.de\/index.php?rest_route=\/wp\/v2\/users\/1"}],"replies":[{"embeddable":true,"href":"https:\/\/sv-merchingen.de\/index.php?rest_route=%2Fwp%2Fv2%2Fcomments&post=152"}],"version-history":[{"count":3,"href":"https:\/\/sv-merchingen.de\/index.php?rest_route=\/wp\/v2\/pages\/152\/revisions"}],"predecessor-version":[{"id":19961,"href":"https:\/\/sv-merchingen.de\/index.php?rest_route=\/wp\/v2\/pages\/152\/revisions\/19961"}],"wp:attachment":[{"href":"https:\/\/sv-merchingen.de\/index.php?rest_route=%2Fwp%2Fv2%2Fmedia&parent=152"}],"curies":[{"name":"wp","href":"https:\/\/api.w.org\/{rel}","templated":true}]}}