{"id":146,"date":"2020-05-23T10:58:22","date_gmt":"2020-05-23T08:58:22","guid":{"rendered":"http:\/\/sv-merchingen.de\/?page_id=146"},"modified":"2020-05-23T10:58:22","modified_gmt":"2020-05-23T08:58:22","slug":"foerderverein","status":"publish","type":"page","link":"https:\/\/sv-merchingen.de\/?page_id=146","title":{"rendered":"F\u00f6rderverein"},"content":{"rendered":"\n<p>Hallo Sportfreunde!<br>Herzlich willkommen auf der Internetseite des F\u00f6rderverein SV Merchingen 1998 e.V.<br>Wir hoffen, dass Sie die gew\u00fcnschten Informationen finden und sind \u00fcber Anregungen<br>oder Hinweise dankbar.<br>Zweck des Vereins:<br>Der im Dezember 1998 gegr\u00fcndete Verein verfolgt ausschlie\u00dflich und unmittelbar gemeinn\u00fctzige Zwecke im Sinne des Abschnitts &#8222;Steuer-beg\u00fcnstigte Zwecke&#8220; der Abgabeordnung.<br>Insbesondere ist Aufgabe des Vereins die ideele und finanzielle F\u00f6rderung des Sportverein 1928 Merchingen e.V., vor allem die Unterst\u00fctzung der Jugendarbeit sowie die erg\u00e4nzende Anschaffung von Sportger\u00e4ten und Ausr\u00fcstungsgegenst\u00e4nden.<\/p>\n\n\n\n<p>F\u00f6rdern hei\u00dft nicht ausschlie\u00dflich finanzielle Mittel bereit zu stellen, sonder auch in ideeler Weise dazu beizutragen, dass der Fu\u00dfballsport weiterhin seinen Stellenwert innerhalb unseres Dorfes beh\u00e4lt.<br>Dazu ben\u00f6tigen wir jedoch ihre Hilfe und bitten Sie:<br>Unterst\u00fctzen Sie den Fu\u00dfballsport in Merchingen!<br>Wir k\u00f6nnen Ihnen folgende F\u00f6rderm\u00f6glichkeiten anbieten:<br>F\u00f6rderung als Mitglied:<br>Treten Sie dem F\u00f6rderverein bei und werden Sie &#8222;f\u00f6rderndes Mitglied&#8220;, unabh\u00e4ngig von einer Mitgliedschaft im Hauptverein.<\/p>\n\n\n\n<p>F\u00f6rderung als Spender:<br>Auch in Form von Spenden (Geld- und Sachspenden) k\u00f6nnen Sie zur Unterst\u00fctzung des Fu\u00dfballsports in Merchingen beitragen. In diesem Zusammenhang verweisen wir auf die anerkannte &#8222;Gemeinn\u00fctzigkeit&#8220; unseres Vereins. Selbstverst\u00e4ndlich stellen wir Ihnen eine Spendenquittung aus.<\/p>\n\n\n\n<p>F\u00f6rderung als Sponsor:<br>Als Sponsor k\u00f6nnen Sie mit Banden- und mit Trikotwerbung unseren Verein unterst\u00fctzen.<\/p>\n\n\n\n<p>F\u00fcllen Sie einfach einen Mitgliedsantrag aus und geben ihn im Clubheim oder beim Vorstand pers\u00f6nlich ab:<br>F\u00f6rderverein SV Merchingen 1998 e.V.<br>1.Vorsitzender Andreas Filipski<br>2.Vorsitzender Dieter Austgen<br>Gesch\u00e4ftsf\u00fchrerin Gerlinde Horf<\/p>\n\n\n\n<p>Wir bedanken uns an dieser Stelle bei unserem ehem. Vorstizenden Hermann-Josef Jung f\u00fcr seine geleistete Arbeit!!!<\/p>\n\n\n\n<p>(Flyer liegen im Clubheim aus oder senden Sie eine Email an info\/at\/sv-merchingen.de)<br>Also, machen auch Sie mit, denn wir k\u00f6nnen nur dann etwas bewegen und unsere Ziele erreichen, wenn wir eine breite Basis haben.<\/p>\n","protected":false},"excerpt":{"rendered":"<p>Hallo Sportfreunde!Herzlich willkommen auf der Internetseite des F\u00f6rderverein SV Merchingen 1998 e.V.Wir hoffen, dass Sie die gew\u00fcnschten Informationen finden und sind \u00fcber Anregungenoder Hinweise dankbar.Zweck &hellip; <\/p>\n","protected":false},"author":1,"featured_media":0,"parent":0,"menu_order":0,"comment_status":"closed","ping_status":"closed","template":"","meta":{"ngg_post_thumbnail":0,"footnotes":""},"class_list":["post-146","page","type-page","status-publish","hentry"],"_links":{"self":[{"href":"https:\/\/sv-merchingen.de\/index.php?rest_route=\/wp\/v2\/pages\/146","targetHints":{"allow":["GET"]}}],"collection":[{"href":"https:\/\/sv-merchingen.de\/index.php?rest_route=\/wp\/v2\/pages"}],"about":[{"href":"https:\/\/sv-merchingen.de\/index.php?rest_route=\/wp\/v2\/types\/page"}],"author":[{"embeddable":true,"href":"https:\/\/sv-merchingen.de\/index.php?rest_route=\/wp\/v2\/users\/1"}],"replies":[{"embeddable":true,"href":"https:\/\/sv-merchingen.de\/index.php?rest_route=%2Fwp%2Fv2%2Fcomments&post=146"}],"version-history":[{"count":1,"href":"https:\/\/sv-merchingen.de\/index.php?rest_route=\/wp\/v2\/pages\/146\/revisions"}],"predecessor-version":[{"id":148,"href":"https:\/\/sv-merchingen.de\/index.php?rest_route=\/wp\/v2\/pages\/146\/revisions\/148"}],"wp:attachment":[{"href":"https:\/\/sv-merchingen.de\/index.php?rest_route=%2Fwp%2Fv2%2Fmedia&parent=146"}],"curies":[{"name":"wp","href":"https:\/\/api.w.org\/{rel}","templated":true}]}}