{"id":113,"date":"2020-05-23T10:50:24","date_gmt":"2020-05-23T08:50:24","guid":{"rendered":"http:\/\/sv-merchingen.de\/?page_id=113"},"modified":"2026-01-15T14:11:00","modified_gmt":"2026-01-15T13:11:00","slug":"jugend","status":"publish","type":"page","link":"https:\/\/sv-merchingen.de\/?page_id=113","title":{"rendered":"Jugend"},"content":{"rendered":"\n<p>In dieser Saison sind wir besonders stolz darauf, mit insgesamt 7 Jugendmannschaften (G- bis B- Jugend) beim SVM an den Start zu gehen!<\/p>\n\n\n\n<p>Von den Kleinsten bis zu den \u00e4lteren Jahrg\u00e4ngen &#8211; \u00fcberall steckt Leidenschaft, Teamgeist und jede Menge Spass am Fussball drin.<\/p>\n\n\n\n<p>&#8212;<strong>Torwart-Training mit Tobias Maas  Mittwoch&#8217;s 17.30 &#8211; 19.00h<\/strong><\/p>\n\n\n\n<p>&#8212;<strong>F\u00f6rdertraining mit Marcel Merches Mittwochs 18.30 &#8211; 20.00h<\/strong><\/p>\n\n\n\n<p>Besucht unseren Jugend-Account auf Instagram&#8230;  <strong>svmerchingen.jugend<\/strong><\/p>\n\n\n\n<p><\/p>\n","protected":false},"excerpt":{"rendered":"<p>In dieser Saison sind wir besonders stolz darauf, mit insgesamt 7 Jugendmannschaften (G- bis B- Jugend) beim SVM an den Start zu gehen! Von den &hellip; <\/p>\n","protected":false},"author":1,"featured_media":0,"parent":0,"menu_order":0,"comment_status":"closed","ping_status":"closed","template":"","meta":{"ngg_post_thumbnail":0,"footnotes":""},"class_list":["post-113","page","type-page","status-publish","hentry"],"_links":{"self":[{"href":"https:\/\/sv-merchingen.de\/index.php?rest_route=\/wp\/v2\/pages\/113","targetHints":{"allow":["GET"]}}],"collection":[{"href":"https:\/\/sv-merchingen.de\/index.php?rest_route=\/wp\/v2\/pages"}],"about":[{"href":"https:\/\/sv-merchingen.de\/index.php?rest_route=\/wp\/v2\/types\/page"}],"author":[{"embeddable":true,"href":"https:\/\/sv-merchingen.de\/index.php?rest_route=\/wp\/v2\/users\/1"}],"replies":[{"embeddable":true,"href":"https:\/\/sv-merchingen.de\/index.php?rest_route=%2Fwp%2Fv2%2Fcomments&post=113"}],"version-history":[{"count":8,"href":"https:\/\/sv-merchingen.de\/index.php?rest_route=\/wp\/v2\/pages\/113\/revisions"}],"predecessor-version":[{"id":21766,"href":"https:\/\/sv-merchingen.de\/index.php?rest_route=\/wp\/v2\/pages\/113\/revisions\/21766"}],"wp:attachment":[{"href":"https:\/\/sv-merchingen.de\/index.php?rest_route=%2Fwp%2Fv2%2Fmedia&parent=113"}],"curies":[{"name":"wp","href":"https:\/\/api.w.org\/{rel}","templated":true}]}}